{"id":97382,"date":"2022-12-05T10:14:16","date_gmt":"2022-12-05T09:14:16","guid":{"rendered":"https:\/\/alpscigar.com\/?post_type=product&#038;p=97382"},"modified":"2023-12-07T16:12:02","modified_gmt":"2023-12-07T15:12:02","slug":"aladino-cameroon-toro-24","status":"publish","type":"product","link":"https:\/\/beta.alpscigar.com\/zh\/shop\/honduran-cigars\/aladino\/aladino-cameroon-toro-24\/","title":{"rendered":"\u963f\u62c9\u8fea\u8bfa-\u5580\u9ea6\u9686\u6258\u7f57\uff0824\uff09"},"content":{"rendered":"<p>Les<strong> \u963f\u62c9\u8fea\u8bfa-\u5580\u9ea6\u9686\u6258\u7f57\uff0824\uff09<\/strong> appartiennent \u00e0 la ligne Cameroon de la marque Aladino.<br \/>\nCe sont des puros Honduriens.<br \/>\nLa ligne Cameroon utilise 100% de tabac Corojo pour la tripe et la cape. La cape provient de graines camerounaises cultiv\u00e9es dans la vall\u00e9e de Jamastran au Honduras. Apr\u00e8s la r\u00e9colte, les feuilles sont m\u00fbries avec soin pendant deux ans avant de composer le cigare.<\/p>\n<p>C\u00f4t\u00e9 degustation,<strong> l&rsquo;Aladino Cameroon Toro <\/strong>\u00a0d\u00e9voile des notes puissantes et \u00e9pic\u00e9es. Une fois allum\u00e9, des ar\u00f4mes de ch\u00eane, de noix et de poivre se font ressentir, avec une douceur d\u00e9licate et malgr\u00e9 la puissance du tabac.<br \/>\nDe mani\u00e8re g\u00e9n\u00e9rale, ce cigare est moyennement cors\u00e9 \u00e0 fort.<\/p>\n<p>Les <strong>\u963f\u62c9\u8fea\u8bfa-\u5580\u9ea6\u9686\u6258\u7f57\uff0824\uff09 <\/strong>sont un module Super Toro. Ils font 152 mm pour un diam\u00e8tre de 21 mm. Il vous faudra compter entre 75 et 100 minutes environ pour d\u00e9guster au mieux ce cigare.<\/p>\n<p>Les <strong>Aladino Cameroon Toro<\/strong> sont vendus en bo\u00eete de 24 cigares et existent aussi en module Robusto et Elegante.<\/p>","protected":false},"excerpt":{"rendered":"<p>\u4e00\u76d2 24 \u652f\u3002<\/p>","protected":false},"featured_media":97379,"template":"","meta":{"_acf_changed":false},"product_cat":[32484,24791,21990,24721,25046],"product_tag":[],"bundled_by":[],"bundle_stock_status":"instock","bundle_stock_quantity":null,"bundle_virtual":false,"bundle_layout":"","bundle_add_to_cart_form_location":"","bundle_editable_in_cart":false,"bundle_sold_individually_context":"","bundle_item_grouping":"","bundle_min_size":"","bundle_max_size":"","bundled_items":[],"acf":[],"_links":{"self":[{"href":"https:\/\/beta.alpscigar.com\/zh\/wp-json\/wp\/v2\/product\/97382"}],"collection":[{"href":"https:\/\/beta.alpscigar.com\/zh\/wp-json\/wp\/v2\/product"}],"about":[{"href":"https:\/\/beta.alpscigar.com\/zh\/wp-json\/wp\/v2\/types\/product"}],"wp:featuredmedia":[{"embeddable":true,"href":"https:\/\/beta.alpscigar.com\/zh\/wp-json\/wp\/v2\/media\/97379"}],"wp:attachment":[{"href":"https:\/\/beta.alpscigar.com\/zh\/wp-json\/wp\/v2\/media?parent=97382"}],"wp:term":[{"taxonomy":"product_cat","embeddable":true,"href":"https:\/\/beta.alpscigar.com\/zh\/wp-json\/wp\/v2\/product_cat?post=97382"},{"taxonomy":"product_tag","embeddable":true,"href":"https:\/\/beta.alpscigar.com\/zh\/wp-json\/wp\/v2\/product_tag?post=97382"}],"curies":[{"name":"wp","href":"https:\/\/api.w.org\/{rel}","templated":true}]}}