{"id":97514,"date":"2022-12-06T10:58:45","date_gmt":"2022-12-06T09:58:45","guid":{"rendered":"https:\/\/alpscigar.com\/?post_type=product&#038;p=97514"},"modified":"2025-12-31T15:27:41","modified_gmt":"2025-12-31T14:27:41","slug":"aladino-connecticut-toro-20","status":"publish","type":"product","link":"https:\/\/beta.alpscigar.com\/zh\/shop\/honduran-cigars\/aladino\/aladino-connecticut-toro-20\/","title":{"rendered":"\u963f\u62c9\u8fea\u8bfa\u5eb7\u6d85\u72c4\u683c\u6258\u7f57 (20)"},"content":{"rendered":"<p>Le cigare <strong>Aladino Connecticut Toro (20)<\/strong> appartient \u00e0 la ligne Connecticut de la marque Aladino.<br \/>\nLa gamme Connecticut est la ligne la plus l\u00e9g\u00e8re de l&rsquo;assortiment Aladino. La feuille de cape est une fine couverture \u00e9quatorienne Connecticut brune clair. La tripe et la sous-cape sont compos\u00e9es de tabacs honduriens de premi\u00e8re qualit\u00e9.<\/p>\n<p>C\u00f4t\u00e9 d\u00e9gustation, <strong>Aladino Connecticut Toro (20)<\/strong> m\u00eale la douceur de la feuille Connecticut \u00e0 la finesse du tabac \u00e9pic\u00e9 Corojo. Il d\u00e9voile de doux ar\u00f4mes de noisettes. La douceur globale de ce cigare est soulign\u00e9e par de notes terreuses.<br \/>\nDe mani\u00e8re g\u00e9n\u00e9rale, ce cigare est d&rsquo;une puissance plut\u00f4t l\u00e9g\u00e8re.<\/p>\n<p>Les<strong> \u963f\u62c9\u8fea\u8bfa\u5eb7\u6d85\u72c4\u683c\u6258\u7f57<\/strong> sont vendus en bo\u00eete de 20 cigares.<br \/>\nLes <strong>\u963f\u62c9\u8fea\u8bfa\u5eb7\u6d85\u72c4\u683c\u6258\u7f57<\/strong> sont un module Toro. Ils font 152 mm de longueur pour un diam\u00e8tre de 20 mm. Il vous faudra compter entre 70 et 90 minutes pour d\u00e9guster au mieux ce cigare.<\/p>\n<p>Les Aladino Connecticut existent aussi en module Queen&rsquo;s Perfecto et Churchill<\/p>","protected":false},"excerpt":{"rendered":"<p>\u6bcf\u76d2 20 \u652f\u3002<\/p>","protected":false},"featured_media":97511,"template":"","meta":{"_acf_changed":false},"product_cat":[32484,24791,21990,24721,25046],"product_tag":[],"bundled_by":[],"bundle_stock_status":"instock","bundle_stock_quantity":null,"bundle_virtual":false,"bundle_layout":"","bundle_add_to_cart_form_location":"","bundle_editable_in_cart":false,"bundle_sold_individually_context":"","bundle_item_grouping":"","bundle_min_size":"","bundle_max_size":"","bundled_items":[],"acf":[],"_links":{"self":[{"href":"https:\/\/beta.alpscigar.com\/zh\/wp-json\/wp\/v2\/product\/97514"}],"collection":[{"href":"https:\/\/beta.alpscigar.com\/zh\/wp-json\/wp\/v2\/product"}],"about":[{"href":"https:\/\/beta.alpscigar.com\/zh\/wp-json\/wp\/v2\/types\/product"}],"wp:featuredmedia":[{"embeddable":true,"href":"https:\/\/beta.alpscigar.com\/zh\/wp-json\/wp\/v2\/media\/97511"}],"wp:attachment":[{"href":"https:\/\/beta.alpscigar.com\/zh\/wp-json\/wp\/v2\/media?parent=97514"}],"wp:term":[{"taxonomy":"product_cat","embeddable":true,"href":"https:\/\/beta.alpscigar.com\/zh\/wp-json\/wp\/v2\/product_cat?post=97514"},{"taxonomy":"product_tag","embeddable":true,"href":"https:\/\/beta.alpscigar.com\/zh\/wp-json\/wp\/v2\/product_tag?post=97514"}],"curies":[{"name":"wp","href":"https:\/\/api.w.org\/{rel}","templated":true}]}}